{"id":36459,"date":"2025-09-15T16:22:44","date_gmt":"2025-09-15T13:22:44","guid":{"rendered":"https:\/\/intravel-eg.com\/blog\/"},"modified":"2025-12-17T11:13:21","modified_gmt":"2025-12-17T09:13:21","slug":"blog","status":"publish","type":"page","link":"https:\/\/intravel-eg.com\/ro\/blog\/","title":{"rendered":"blog"},"content":{"rendered":"\t\t<div data-elementor-type=\"wp-page\" data-elementor-id=\"36459\" class=\"elementor elementor-36459 elementor-25028\">\n\t\t\t\t<div class=\"elementor-element elementor-element-06ecd4a elementor-hidden-desktop elementor-hidden-tablet elementor-hidden-mobile e-flex e-con-boxed e-con e-parent\" data-id=\"06ecd4a\" data-element_type=\"container\" data-settings=\"{&quot;background_background&quot;:&quot;classic&quot;}\">\n\t\t\t\t\t<div class=\"e-con-inner\">\n\t\t\t\t<div class=\"elementor-element elementor-element-f636c2e elementor-widget elementor-widget-heading\" data-id=\"f636c2e\" data-element_type=\"widget\" data-widget_type=\"heading.default\">\n\t\t\t\t<div class=\"elementor-widget-container\">\n\t\t\t\t\t<h2 class=\"elementor-heading-title elementor-size-default\">Latest Articles<\/h2>\t\t\t\t<\/div>\n\t\t\t\t<\/div>\n\t\t\t\t\t<\/div>\n\t\t\t\t<\/div>\n\t\t<div class=\"elementor-element elementor-element-389a78b e-flex e-con-boxed e-con e-parent\" data-id=\"389a78b\" data-element_type=\"container\">\n\t\t\t\t\t<div class=\"e-con-inner\">\n\t\t\t\t<div class=\"elementor-element elementor-element-2603e44 elementor-widget elementor-widget-st_blog_list\" data-id=\"2603e44\" data-element_type=\"widget\" data-settings=\"{&quot;item_row&quot;:&quot;3&quot;,&quot;order&quot;:&quot;DESC&quot;,&quot;orderby&quot;:&quot;date&quot;}\" data-widget_type=\"st_blog_list.default\">\n\t\t\t\t<div class=\"elementor-widget-container\">\n\t\t\t\t\t<div class=\"st-list-service st-sliders grid style_2\"  >\r\n            <div class=\"service-list-wrapper st-blog-list-el\">\r\n            <div class=\"row\">\r\n                <div class=\"col-12 col-sm-6 col-md-4 col-lg-4\"><div class=\"services-item grid item-elementor\" itemscope>\r\n\t<div class=\"item service-border st-border-radius\">\r\n\t\t<div class=\"featured-image\">\r\n\t\t\t<a href=\"https:\/\/intravel-eg.com\/ro\/calatorie-solo-in-egipt-o-experienta-sigura-si-memorabila-pentru-femei\/\">\r\n\t\t\t\t<img fetchpriority=\"high\" decoding=\"async\" width=\"450\" height=\"300\" src=\"https:\/\/intravel-eg.com\/wp-content\/uploads\/2026\/03\/Pyramids-solo-travel-450x300.jpg\" class=\"img-fluid st-hover-grow wp-post-image\" alt=\"C\u0103l\u0103torie solo \u00een Egipt: O experien\u021b\u0103 sigur\u0103 \u0219i memorabil\u0103 pentru femei\" itemprop=\"photo\" \/>\t\t\t<\/a>\r\n\t\t<\/div>\r\n\t\t<div class=\"content-item\">\r\n\t\t\t\t\t\t\t\t\t<div class=\"cate category-color\">\r\n\t\t\t\t\t\t<ul>\r\n\t\t\t\t\t\t\t<li ><a href=\"https:\/\/intravel-eg.com\/ro\/category\/uncategorized-ro\/\" style=\"color:rgba(0,0,0,1)\"><span style=\"color:rgba(0,0,0,1)\"><\/span>Uncategorized @ro<\/a><\/li>\t\t\t\t\t\t<\/ul>\r\n\t\t\t\t\t<\/div>\r\n\t\t\t\t\t\t\t\t<h3 class=\"title\" itemprop=\"name\">\r\n\t\t\t\t<a href=\"https:\/\/intravel-eg.com\/ro\/calatorie-solo-in-egipt-o-experienta-sigura-si-memorabila-pentru-femei\/\"\r\n\t\t\t\t\tclass=\"c-main\">C\u0103l\u0103torie solo \u00een Egipt: O experien\u021b\u0103 sigur\u0103 \u0219i memorabil\u0103 pentru femei<\/a>\r\n\t\t\t<\/h3>\r\n\r\n\t\t\t<div class=\"excerpt-wrapper d-flex align-items-end justify-content-between\">\r\n\t\t\t\tC\u0103l\u0103torie solo \u00een Egipt: O experien\u021b\u0103 sigur\u0103 \u0219i memorabil\u0103 pentru femei C\u0103l\u0103toria singur\u0103 este una dintre cele mai puternice forme de libertate. \u00ce\u021bi ofer\u0103 \u0219ansa de a descoperi lumea \u00een propriul ritm \u0219i de a-\u021bi testa \u00eencrederea \u00een tine. Pentru multe femei, \u00eentrebarea este: Este Egiptul o destina\u021bie sigur\u0103 pentru o c\u0103l\u0103torie solo? R\u0103spunsul este [&hellip;]\t\t\t<\/div>\r\n\t\t<\/div>\r\n\t<\/div>\r\n<\/div>\r\n\r\n<\/div><div class=\"col-12 col-sm-6 col-md-4 col-lg-4\"><div class=\"services-item grid item-elementor\" itemscope>\r\n\t<div class=\"item service-border st-border-radius\">\r\n\t\t<div class=\"featured-image\">\r\n\t\t\t<a href=\"https:\/\/intravel-eg.com\/ro\/turismul-in-natura-in-egipt-descopera-egiptul-salbatic-cum-nu-l-ai-mai-vazut\/\">\r\n\t\t\t\t<img decoding=\"async\" width=\"450\" height=\"300\" src=\"https:\/\/intravel-eg.com\/wp-content\/uploads\/2026\/02\/travel-281116-1.1.jpg-450x300.webp\" class=\"img-fluid st-hover-grow wp-post-image\" alt=\"Turismul \u00een natur\u0103 \u00een Egipt: descoper\u0103 Egiptul s\u0103lbatic cum nu l-ai mai v\u0103zut\" itemprop=\"photo\" \/>\t\t\t<\/a>\r\n\t\t<\/div>\r\n\t\t<div class=\"content-item\">\r\n\t\t\t\t\t\t\t\t\t<div class=\"cate category-color\">\r\n\t\t\t\t\t\t<ul>\r\n\t\t\t\t\t\t\t<li ><a href=\"https:\/\/intravel-eg.com\/ro\/category\/uncategorized-ro\/\" style=\"color:rgba(0,0,0,1)\"><span style=\"color:rgba(0,0,0,1)\"><\/span>Uncategorized @ro<\/a><\/li>\t\t\t\t\t\t<\/ul>\r\n\t\t\t\t\t<\/div>\r\n\t\t\t\t\t\t\t\t<h3 class=\"title\" itemprop=\"name\">\r\n\t\t\t\t<a href=\"https:\/\/intravel-eg.com\/ro\/turismul-in-natura-in-egipt-descopera-egiptul-salbatic-cum-nu-l-ai-mai-vazut\/\"\r\n\t\t\t\t\tclass=\"c-main\">Turismul \u00een natur\u0103 \u00een Egipt: descoper\u0103 Egiptul s\u0103lbatic cum nu l-ai mai v\u0103zut<\/a>\r\n\t\t\t<\/h3>\r\n\r\n\t\t\t<div class=\"excerpt-wrapper d-flex align-items-end justify-content-between\">\r\n\t\t\t\t\ud83c\udf3f Turismul \u00een natur\u0103 \u00een Egipt: descoper\u0103 Egiptul s\u0103lbatic cum nu l-ai mai v\u0103zut C\u00e2nd mul\u021bi oameni se g\u00e2ndesc la Egipt, le vin imediat \u00een minte piramidele, templele \u0219i istoria antic\u0103. \u00cens\u0103 Egiptul are o comoar\u0103 la fel de impresionant\u0103: natura sa nealterat\u0103. Turismul de natur\u0103 \u00een Egipt a devenit ast\u0103zi unul dintre cele mai [&hellip;]\t\t\t<\/div>\r\n\t\t<\/div>\r\n\t<\/div>\r\n<\/div>\r\n\r\n<\/div><div class=\"col-12 col-sm-6 col-md-4 col-lg-4\"><div class=\"services-item grid item-elementor\" itemscope>\r\n\t<div class=\"item service-border st-border-radius\">\r\n\t\t<div class=\"featured-image\">\r\n\t\t\t<a href=\"https:\/\/intravel-eg.com\/ro\/de-ce-egipteanul-nu-spune-aproape-niciodata-nu-stiu\/\">\r\n\t\t\t\t<img decoding=\"async\" width=\"450\" height=\"300\" src=\"https:\/\/intravel-eg.com\/wp-content\/uploads\/2026\/02\/unnamed-file-450x300.jpeg\" class=\"img-fluid st-hover-grow wp-post-image\" alt=\"De ce egipteanul nu spune aproape niciodat\u0103 \u201eNu \u0219tiu\u201d?\" itemprop=\"photo\" \/>\t\t\t<\/a>\r\n\t\t<\/div>\r\n\t\t<div class=\"content-item\">\r\n\t\t\t\t\t\t\t\t\t<div class=\"cate category-color\">\r\n\t\t\t\t\t\t<ul>\r\n\t\t\t\t\t\t\t<li ><a href=\"https:\/\/intravel-eg.com\/ro\/category\/uncategorized-ro\/\" style=\"color:rgba(0,0,0,1)\"><span style=\"color:rgba(0,0,0,1)\"><\/span>Uncategorized @ro<\/a><\/li>\t\t\t\t\t\t<\/ul>\r\n\t\t\t\t\t<\/div>\r\n\t\t\t\t\t\t\t\t<h3 class=\"title\" itemprop=\"name\">\r\n\t\t\t\t<a href=\"https:\/\/intravel-eg.com\/ro\/de-ce-egipteanul-nu-spune-aproape-niciodata-nu-stiu\/\"\r\n\t\t\t\t\tclass=\"c-main\">De ce egipteanul nu spune aproape niciodat\u0103 \u201eNu \u0219tiu\u201d?<\/a>\r\n\t\t\t<\/h3>\r\n\r\n\t\t\t<div class=\"excerpt-wrapper d-flex align-items-end justify-content-between\">\r\n\t\t\t\t&nbsp; De ce egipteanul nu spune aproape niciodat\u0103 \u201eNu \u0219tiu\u201d? O cultur\u0103 a ajutorului, a spontaneit\u0103\u021bii \u0219i a ospitalit\u0103\u021bii autentice Cine viziteaz\u0103 Egiptul pentru prima dat\u0103 se \u00eentoarce acas\u0103 cu imagini de neuitat: Piramidele, Nilul, templele, de\u0219ertul, Marea Ro\u0219ie. \u00cens\u0103 dac\u0103 \u00eentrebi un c\u0103l\u0103tor ce l-a impresionat cel mai mult, foarte des r\u0103spunsul nu este [&hellip;]\t\t\t<\/div>\r\n\t\t<\/div>\r\n\t<\/div>\r\n<\/div>\r\n\r\n<\/div><div class=\"col-12 col-sm-6 col-md-4 col-lg-4\"><div class=\"services-item grid item-elementor\" itemscope>\r\n\t<div class=\"item service-border st-border-radius\">\r\n\t\t<div class=\"featured-image\">\r\n\t\t\t<a href=\"https:\/\/intravel-eg.com\/ro\/cum-au-fost-construite-piramidele-din-egipt\/\">\r\n\t\t\t\t<img loading=\"lazy\" decoding=\"async\" width=\"450\" height=\"300\" src=\"https:\/\/intravel-eg.com\/wp-content\/uploads\/2026\/01\/build-pyramids-450x300.jpg\" class=\"img-fluid st-hover-grow wp-post-image\" alt=\"Cum au fost construite piramidele din Egipt?\" itemprop=\"photo\" \/>\t\t\t<\/a>\r\n\t\t<\/div>\r\n\t\t<div class=\"content-item\">\r\n\t\t\t\t\t\t\t\t\t<div class=\"cate category-color\">\r\n\t\t\t\t\t\t<ul>\r\n\t\t\t\t\t\t\t<li ><a href=\"https:\/\/intravel-eg.com\/ro\/category\/uncategorized-ro\/\" style=\"color:rgba(0,0,0,1)\"><span style=\"color:rgba(0,0,0,1)\"><\/span>Uncategorized @ro<\/a><\/li>\t\t\t\t\t\t<\/ul>\r\n\t\t\t\t\t<\/div>\r\n\t\t\t\t\t\t\t\t<h3 class=\"title\" itemprop=\"name\">\r\n\t\t\t\t<a href=\"https:\/\/intravel-eg.com\/ro\/cum-au-fost-construite-piramidele-din-egipt\/\"\r\n\t\t\t\t\tclass=\"c-main\">Cum au fost construite piramidele din Egipt?<\/a>\r\n\t\t\t<\/h3>\r\n\r\n\t\t\t<div class=\"excerpt-wrapper d-flex align-items-end justify-content-between\">\r\n\t\t\t\tCum au fost construite piramidele din Egipt? Secretele construc\u021biei \u0219i num\u0103rul piramidelor, explicate prin dovezi \u0219tiin\u021bifice** Introducere Piramidele din Egipt nu sunt doar monumente antice, ci adev\u0103rate capodopere inginere\u0219ti care continu\u0103 s\u0103 uimeasc\u0103 lumea \u00eentreag\u0103. De mii de ani, oamenii se \u00eentreab\u0103: cum au fost construite piramidele, cine le-a ridicat \u0219i c\u00e2te piramide exist\u0103 cu [&hellip;]\t\t\t<\/div>\r\n\t\t<\/div>\r\n\t<\/div>\r\n<\/div>\r\n\r\n<\/div><div class=\"col-12 col-sm-6 col-md-4 col-lg-4\"><div class=\"services-item grid item-elementor\" itemscope>\r\n\t<div class=\"item service-border st-border-radius\">\r\n\t\t<div class=\"featured-image\">\r\n\t\t\t<a href=\"https:\/\/intravel-eg.com\/ro\/diversitatea-bucatariei-egiptene-si-legatura-ei-cu-geografia-si-istoria\/\">\r\n\t\t\t\t<img loading=\"lazy\" decoding=\"async\" width=\"450\" height=\"300\" src=\"https:\/\/intravel-eg.com\/wp-content\/uploads\/2026\/01\/En-Iyi-Kebap-Cesitleri-450x300.jpeg\" class=\"img-fluid st-hover-grow wp-post-image\" alt=\"\u00a0Diversitatea buc\u0103t\u0103riei egiptene \u0219i leg\u0103tura ei cu geografia \u0219i istoria\" itemprop=\"photo\" \/>\t\t\t<\/a>\r\n\t\t<\/div>\r\n\t\t<div class=\"content-item\">\r\n\t\t\t\t\t\t\t\t\t<div class=\"cate category-color\">\r\n\t\t\t\t\t\t<ul>\r\n\t\t\t\t\t\t\t<li ><a href=\"https:\/\/intravel-eg.com\/ro\/category\/uncategorized-ro\/\" style=\"color:rgba(0,0,0,1)\"><span style=\"color:rgba(0,0,0,1)\"><\/span>Uncategorized @ro<\/a><\/li>\t\t\t\t\t\t<\/ul>\r\n\t\t\t\t\t<\/div>\r\n\t\t\t\t\t\t\t\t<h3 class=\"title\" itemprop=\"name\">\r\n\t\t\t\t<a href=\"https:\/\/intravel-eg.com\/ro\/diversitatea-bucatariei-egiptene-si-legatura-ei-cu-geografia-si-istoria\/\"\r\n\t\t\t\t\tclass=\"c-main\">\u00a0Diversitatea buc\u0103t\u0103riei egiptene \u0219i leg\u0103tura ei cu geografia \u0219i istoria<\/a>\r\n\t\t\t<\/h3>\r\n\r\n\t\t\t<div class=\"excerpt-wrapper d-flex align-items-end justify-content-between\">\r\n\t\t\t\t\u00a0Diversitatea buc\u0103t\u0103riei egiptene \u0219i leg\u0103tura ei cu geografia \u0219i istoria Buc\u0103t\u0103ria egiptean\u0103 este o p\u00e2nz\u0103 vie pictat\u0103 de Nil, Mediteran\u0103 \u0219i Marea Ro\u0219ie, transmis\u0103 din genera\u021bie \u00een genera\u021bie \u00eentre ora\u0219e, sate \u0219i triburi de\u0219ertice. Aromele se nasc din culturile Deltei, pe\u0219tii ora\u0219elor de coast\u0103 \u0219i re\u021betele rustice din Egiptul de Sus \u0219i Sinai, cre\u00e2nd o [&hellip;]\t\t\t<\/div>\r\n\t\t<\/div>\r\n\t<\/div>\r\n<\/div>\r\n\r\n<\/div><div class=\"col-12 col-sm-6 col-md-4 col-lg-4\"><div class=\"services-item grid item-elementor\" itemscope>\r\n\t<div class=\"item service-border st-border-radius\">\r\n\t\t<div class=\"featured-image\">\r\n\t\t\t<a href=\"https:\/\/intravel-eg.com\/ro\/golf-si-turism-o-experienta-globala-cu-intravel-si-albatros-golf\/\">\r\n\t\t\t\t<img loading=\"lazy\" decoding=\"async\" width=\"450\" height=\"300\" src=\"https:\/\/intravel-eg.com\/wp-content\/uploads\/2026\/01\/Albatros-Golf-450x300.jpeg\" class=\"img-fluid st-hover-grow wp-post-image\" alt=\"Golf \u0219i Turism: O experien\u021b\u0103 global\u0103 cu Intravel \u0219i Albatros Golf\" itemprop=\"photo\" \/>\t\t\t<\/a>\r\n\t\t<\/div>\r\n\t\t<div class=\"content-item\">\r\n\t\t\t\t\t\t\t\t\t<div class=\"cate category-color\">\r\n\t\t\t\t\t\t<ul>\r\n\t\t\t\t\t\t\t<li ><a href=\"https:\/\/intravel-eg.com\/ro\/category\/uncategorized-ro\/\" style=\"color:rgba(0,0,0,1)\"><span style=\"color:rgba(0,0,0,1)\"><\/span>Uncategorized @ro<\/a><\/li>\t\t\t\t\t\t<\/ul>\r\n\t\t\t\t\t<\/div>\r\n\t\t\t\t\t\t\t\t<h3 class=\"title\" itemprop=\"name\">\r\n\t\t\t\t<a href=\"https:\/\/intravel-eg.com\/ro\/golf-si-turism-o-experienta-globala-cu-intravel-si-albatros-golf\/\"\r\n\t\t\t\t\tclass=\"c-main\">Golf \u0219i Turism: O experien\u021b\u0103 global\u0103 cu Intravel \u0219i Albatros Golf<\/a>\r\n\t\t\t<\/h3>\r\n\r\n\t\t\t<div class=\"excerpt-wrapper d-flex align-items-end justify-content-between\">\r\n\t\t\t\t\ud83c\udfcc\ufe0f\u200d\u2642\ufe0f Golf \u0219i Turism: O experien\u021b\u0103 global\u0103 cu Intravel \u0219i Albatros Golf Hotel din Sharm El Sheikh Introducere C\u00e2nd vorbim despre un sport care a dep\u0103\u0219it grani\u021bele \u0219i s-a transformat \u00eentr-un stil de via\u021b\u0103 global, golf-ul se afl\u0103 pe primul loc. Nu este doar un joc \u00een care love\u0219ti mingea cu crosa p\u00e2n\u0103 ajunge \u00een [&hellip;]\t\t\t<\/div>\r\n\t\t<\/div>\r\n\t<\/div>\r\n<\/div>\r\n\r\n<\/div><div class=\"col-12 col-sm-6 col-md-4 col-lg-4\"><div class=\"services-item grid item-elementor\" itemscope>\r\n\t<div class=\"item service-border st-border-radius\">\r\n\t\t<div class=\"featured-image\">\r\n\t\t\t<a href=\"https:\/\/intravel-eg.com\/ro\/el-gouna-perla-marii-rosii-si-destinatia-de-lux-tranquila-a-egiptului\/\">\r\n\t\t\t\t<img loading=\"lazy\" decoding=\"async\" width=\"450\" height=\"300\" src=\"https:\/\/intravel-eg.com\/wp-content\/uploads\/2025\/12\/El-Gouna-450x300.jpeg\" class=\"img-fluid st-hover-grow wp-post-image\" alt=\"El Gouna: Perla M\u0103rii Ro\u0219ii \u0219i Destina\u021bia de Lux Tranquil\u0103 a Egiptului\" itemprop=\"photo\" \/>\t\t\t<\/a>\r\n\t\t<\/div>\r\n\t\t<div class=\"content-item\">\r\n\t\t\t\t\t\t\t\t\t<div class=\"cate category-color\">\r\n\t\t\t\t\t\t<ul>\r\n\t\t\t\t\t\t\t<li ><a href=\"https:\/\/intravel-eg.com\/ro\/category\/uncategorized-ro\/\" style=\"color:rgba(0,0,0,1)\"><span style=\"color:rgba(0,0,0,1)\"><\/span>Uncategorized @ro<\/a><\/li>\t\t\t\t\t\t<\/ul>\r\n\t\t\t\t\t<\/div>\r\n\t\t\t\t\t\t\t\t<h3 class=\"title\" itemprop=\"name\">\r\n\t\t\t\t<a href=\"https:\/\/intravel-eg.com\/ro\/el-gouna-perla-marii-rosii-si-destinatia-de-lux-tranquila-a-egiptului\/\"\r\n\t\t\t\t\tclass=\"c-main\">El Gouna: Perla M\u0103rii Ro\u0219ii \u0219i Destina\u021bia de Lux Tranquil\u0103 a Egiptului<\/a>\r\n\t\t\t<\/h3>\r\n\r\n\t\t\t<div class=\"excerpt-wrapper d-flex align-items-end justify-content-between\">\r\n\t\t\t\tEl Gouna: Perla M\u0103rii Ro\u0219ii \u0219i Destina\u021bia de Lux Tranquil\u0103 a Egiptului Situat\u0103 pe coasta vestic\u0103 a M\u0103rii Ro\u0219ii, la aproximativ 25 de kilometri nord de Hurghada, El Gouna este una dintre cele mai elegante \u0219i atr\u0103g\u0103toare destina\u021bii turistice din Egipt \u0219i Orientul Mijlociu. El Gouna nu este doar un simplu resort de plaj\u0103, ci [&hellip;]\t\t\t<\/div>\r\n\t\t<\/div>\r\n\t<\/div>\r\n<\/div>\r\n\r\n<\/div><div class=\"col-12 col-sm-6 col-md-4 col-lg-4\"><div class=\"services-item grid item-elementor\" itemscope>\r\n\t<div class=\"item service-border st-border-radius\">\r\n\t\t<div class=\"featured-image\">\r\n\t\t\t<a href=\"https:\/\/intravel-eg.com\/ro\/turism-in-egipt-de-craciun\/\">\r\n\t\t\t\t<img loading=\"lazy\" decoding=\"async\" width=\"450\" height=\"300\" src=\"https:\/\/intravel-eg.com\/wp-content\/uploads\/2025\/12\/magic-nights-in-Egypt-\ud83c\udf87-450x300.jpeg\" class=\"img-fluid st-hover-grow wp-post-image\" alt=\"Turism \u00een Egipt de Cr\u0103ciun\" itemprop=\"photo\" \/>\t\t\t<\/a>\r\n\t\t<\/div>\r\n\t\t<div class=\"content-item\">\r\n\t\t\t\t\t\t\t\t\t<div class=\"cate category-color\">\r\n\t\t\t\t\t\t<ul>\r\n\t\t\t\t\t\t\t<li ><a href=\"https:\/\/intravel-eg.com\/ro\/category\/uncategorized-ro\/\" style=\"color:rgba(0,0,0,1)\"><span style=\"color:rgba(0,0,0,1)\"><\/span>Uncategorized @ro<\/a><\/li>\t\t\t\t\t\t<\/ul>\r\n\t\t\t\t\t<\/div>\r\n\t\t\t\t\t\t\t\t<h3 class=\"title\" itemprop=\"name\">\r\n\t\t\t\t<a href=\"https:\/\/intravel-eg.com\/ro\/turism-in-egipt-de-craciun\/\"\r\n\t\t\t\t\tclass=\"c-main\">Turism \u00een Egipt de Cr\u0103ciun<\/a>\r\n\t\t\t<\/h3>\r\n\r\n\t\t\t<div class=\"excerpt-wrapper d-flex align-items-end justify-content-between\">\r\n\t\t\t\t&nbsp; \ud83c\udf84 Turism \u00een Egipt de Cr\u0103ciun Soare cald, magie marin\u0103 \u0219i o evadare de iarn\u0103 excep\u021bional\u0103 \u00cen perioada s\u0103rb\u0103torilor de iarn\u0103, c\u0103l\u0103torii din \u00eentreaga lume caut\u0103 o destina\u021bie care s\u0103 \u00eembine spiritul festiv, un climat pl\u0103cut \u0219i relaxarea autentic\u0103\u2014departe de frigul aspru al iernii. Egiptul se eviden\u021biaz\u0103 ca una dintre cele mai atractive destina\u021bii, [&hellip;]\t\t\t<\/div>\r\n\t\t<\/div>\r\n\t<\/div>\r\n<\/div>\r\n\r\n<\/div><div class=\"col-12 col-sm-6 col-md-4 col-lg-4\"><div class=\"services-item grid item-elementor\" itemscope>\r\n\t<div class=\"item service-border st-border-radius\">\r\n\t\t<div class=\"featured-image\">\r\n\t\t\t<a href=\"https:\/\/intravel-eg.com\/ro\/este-egiptul-sigur-pentru-femeile-care-calatoresc-singure\/\">\r\n\t\t\t\t<img loading=\"lazy\" decoding=\"async\" width=\"450\" height=\"300\" src=\"https:\/\/intravel-eg.com\/wp-content\/uploads\/2024\/10\/Top-5-Reasons-to-Travel-to-Egypt-Now-\ud83c\udffa\ud83c\uddea\ud83c\uddec-450x300.jpeg\" class=\"img-fluid st-hover-grow wp-post-image\" alt=\"Este Egiptul sigur pentru femeile care c\u0103l\u0103toresc singure?\" itemprop=\"photo\" \/>\t\t\t<\/a>\r\n\t\t<\/div>\r\n\t\t<div class=\"content-item\">\r\n\t\t\t\t\t\t\t\t\t<div class=\"cate category-color\">\r\n\t\t\t\t\t\t<ul>\r\n\t\t\t\t\t\t\t<li ><a href=\"https:\/\/intravel-eg.com\/ro\/category\/uncategorized-ro\/\" style=\"color:rgba(0,0,0,1)\"><span style=\"color:rgba(0,0,0,1)\"><\/span>Uncategorized @ro<\/a><\/li>\t\t\t\t\t\t<\/ul>\r\n\t\t\t\t\t<\/div>\r\n\t\t\t\t\t\t\t\t<h3 class=\"title\" itemprop=\"name\">\r\n\t\t\t\t<a href=\"https:\/\/intravel-eg.com\/ro\/este-egiptul-sigur-pentru-femeile-care-calatoresc-singure\/\"\r\n\t\t\t\t\tclass=\"c-main\">Este Egiptul sigur pentru femeile care c\u0103l\u0103toresc singure?<\/a>\r\n\t\t\t<\/h3>\r\n\r\n\t\t\t<div class=\"excerpt-wrapper d-flex align-items-end justify-content-between\">\r\n\t\t\t\t&nbsp; Este Egiptul sigur pentru femeile care c\u0103l\u0103toresc singure? C\u0103l\u0103toria de una singur\u0103 poate fi una dintre cele mai \u00eembog\u0103\u021bitoare experien\u021be \u2013 mai ales atunci c\u00e2nd destina\u021bia este la fel de unic\u0103 din punct de vedere cultural \u0219i istoric precum Egiptul. Totu\u0219i, preocup\u0103rile legate de siguran\u021b\u0103 sunt adesea \u00een prim-plan pentru femeile care c\u0103l\u0103toresc singure. [&hellip;]\t\t\t<\/div>\r\n\t\t<\/div>\r\n\t<\/div>\r\n<\/div>\r\n\r\n<\/div>            <\/div>\r\n        <\/div>\r\n    <\/div>\r\n\t\t\t\t<\/div>\n\t\t\t\t<\/div>\n\t\t\t\t\t<\/div>\n\t\t\t\t<\/div>\n\t\t<div class=\"elementor-element elementor-element-711f1df e-flex e-con-boxed e-con e-parent\" data-id=\"711f1df\" data-element_type=\"container\">\n\t\t\t\t\t<div class=\"e-con-inner\">\n\t\t\t\t<div class=\"elementor-element elementor-element-a776b26 elementor-widget elementor-widget-html\" data-id=\"a776b26\" data-element_type=\"widget\" data-widget_type=\"html.default\">\n\t\t\t\t<div class=\"elementor-widget-container\">\n\t\t\t\t\t<style>\n    .st-blog-list-el .excerpt-wrapper {\n    -webkit-box-orient: vertical;\n    display: -webkit-box !important;\n    overflow: hidden;\n    -webkit-line-clamp: 3;\n}\n    .st-blog-list-el .cate.category-color {\n    display: none !important;\n    }\n<\/style>\t\t\t\t<\/div>\n\t\t\t\t<\/div>\n\t\t\t\t\t<\/div>\n\t\t\t\t<\/div>\n\t\t\t\t<\/div>\n\t\t","protected":false},"excerpt":{"rendered":"<p>Latest Articles Blog Camels of Sinai \u2014 the desert ship that carries a culture Plan (quick \u2014 step-by-step) Introduction: set the scene in Sinai and explain why camels matter. Biology &amp; physical traits: height, length, weight ranges with precise numbers. Life history: lifespan, diet, hydration, and unique physiological adaptations. Reproduction: mating season, gestation, offspring numbers [&hellip;]<\/p>\n","protected":false},"author":138,"featured_media":0,"parent":0,"menu_order":0,"comment_status":"closed","ping_status":"closed","template":"elementor_header_footer","meta":{"footnotes":""},"class_list":["post-36459","page","type-page","status-publish","has-post-thumbnail","hentry"],"_links":{"self":[{"href":"https:\/\/intravel-eg.com\/ro\/wp-json\/wp\/v2\/pages\/36459","targetHints":{"allow":["GET"]}}],"collection":[{"href":"https:\/\/intravel-eg.com\/ro\/wp-json\/wp\/v2\/pages"}],"about":[{"href":"https:\/\/intravel-eg.com\/ro\/wp-json\/wp\/v2\/types\/page"}],"author":[{"embeddable":true,"href":"https:\/\/intravel-eg.com\/ro\/wp-json\/wp\/v2\/users\/138"}],"replies":[{"embeddable":true,"href":"https:\/\/intravel-eg.com\/ro\/wp-json\/wp\/v2\/comments?post=36459"}],"version-history":[{"count":1,"href":"https:\/\/intravel-eg.com\/ro\/wp-json\/wp\/v2\/pages\/36459\/revisions"}],"predecessor-version":[{"id":37415,"href":"https:\/\/intravel-eg.com\/ro\/wp-json\/wp\/v2\/pages\/36459\/revisions\/37415"}],"wp:attachment":[{"href":"https:\/\/intravel-eg.com\/ro\/wp-json\/wp\/v2\/media?parent=36459"}],"curies":[{"name":"wp","href":"https:\/\/api.w.org\/{rel}","templated":true}]}}